{"id":1389,"date":"2019-07-29T15:28:15","date_gmt":"2019-07-29T13:28:15","guid":{"rendered":"http:\/\/gadmuisne.gob.ec\/web\/?page_id=1389"},"modified":"2022-03-29T19:08:48","modified_gmt":"2022-03-29T17:08:48","slug":"matrices-lotaip","status":"publish","type":"page","link":"https:\/\/gadmuisne.gob.ec\/web\/matrices-lotaip\/","title":{"rendered":"Matrices LOTAIP"},"content":{"rendered":"<div class=\"wpb-content-wrapper\"><p>[vc_row text_color=\u00bb__\u00bb heading_color=\u00bb__\u00bb link_color=\u00bb__\u00bb link_hover_color=\u00bb__\u00bb responsive_font_size=\u00bb0&#8243; el_id=\u00bbcontenido\u00bb][vc_column][vc_column_text]<\/p>\n<ul>\n<li><strong>Literal a1: <\/strong><a href=\"https:\/\/gadmuisne.gob.ec\/web\/wp-content\/uploads\/2021\/04\/LITERAL_A1.xlsx\" target=\"_blank\" rel=\"noopener noreferrer\">Estructura org\u00e1nica funcional<\/a><\/li>\n<li><strong>Literal a2: <\/strong><a href=\"https:\/\/gadmuisne.gob.ec\/web\/wp-content\/uploads\/2021\/04\/LITERAL_A2.xlsx\" target=\"_blank\" rel=\"noopener noreferrer\">Base legal que rige a la instituci\u00f3n<\/a><\/li>\n<li><strong>Literal a3: <\/strong><a href=\"https:\/\/gadmuisne.gob.ec\/web\/wp-content\/uploads\/2021\/04\/LITERAL_A3.xlsx\" target=\"_blank\" rel=\"noopener noreferrer\">Regulaciones y procedimientos internos aplicables a la instituci\u00f3n<\/a><\/li>\n<li><strong>Literal a4: <\/strong><a href=\"https:\/\/gadmuisne.gob.ec\/web\/wp-content\/uploads\/2021\/04\/LITERAL_A4-.xlsx\" target=\"_blank\" rel=\"noopener noreferrer\">Metas y objetivos de las unidades administrativas de conformidad con los programas operativos<\/a><\/li>\n<li><strong>Literal b1: <\/strong><a href=\"https:\/\/gadmuisne.gob.ec\/web\/wp-content\/uploads\/2021\/04\/LITERAL_B1.xlsx\" target=\"_blank\" rel=\"noopener noreferrer\">Directorio completo de la instituci\u00f3n<\/a><\/li>\n<li><strong>Literal b2: <\/strong><a href=\"https:\/\/gadmuisne.gob.ec\/web\/wp-content\/uploads\/2021\/04\/LITERAL_B2.xlsx\" target=\"_blank\" rel=\"noopener noreferrer\">Distributivo de personal<\/a><\/li>\n<li><strong>Literal c: <\/strong><a href=\"https:\/\/gadmuisne.gob.ec\/web\/wp-content\/uploads\/2021\/04\/LITERAL_C.xlsx\" target=\"_blank\" rel=\"noopener noreferrer\">Remuneraci\u00f3n mensual por puesto y todo ingreso adicional<\/a><\/li>\n<li><strong>Literal d: <\/strong><a href=\"https:\/\/gadmuisne.gob.ec\/web\/wp-content\/uploads\/2021\/04\/LITERAL_D.xlsx\" target=\"_blank\" rel=\"noopener noreferrer\">Servicios que ofrece la instituci\u00f3n y las formas de acceder a ellos<\/a><\/li>\n<li><strong>Literal e: <\/strong><a href=\"https:\/\/gadmuisne.gob.ec\/web\/wp-content\/uploads\/2021\/04\/LITERAL_E.xlsx\" target=\"_blank\" rel=\"noopener noreferrer\">Texto \u00edntegro de todos los contratos colectivos vigentes en la instituci\u00f3n, as\u00ed como sus anexos y reformas<\/a><\/li>\n<li><strong>Literal f1: <\/strong><a href=\"https:\/\/gadmuisne.gob.ec\/web\/wp-content\/uploads\/2021\/04\/LITERAL_F1.xlsx\" target=\"_blank\" rel=\"noopener noreferrer\">Formularios o formatos de solicitudes que se requieran para los tr\u00e1mites inherentes a su campo de acci\u00f3n<\/a><\/li>\n<li><strong>Literal f2: <\/strong><a href=\"https:\/\/gadmuisne.gob.ec\/web\/wp-content\/uploads\/2022\/03\/Acceso-A-la-Informacion-Publica.pdf\">Formato para solicitudes de acceso a la informaci\u00f3n p\u00fablica<\/a><\/li>\n<li><strong>Literal g: <\/strong><a href=\"https:\/\/gadmuisne.gob.ec\/web\/wp-content\/uploads\/2021\/04\/LITERAL_G.xlsx\" target=\"_blank\" rel=\"noopener noreferrer\">Informaci\u00f3n total sobre el presupuesto anual que administra la instituci\u00f3n<\/a><\/li>\n<li><strong>Literal h: <\/strong><a href=\"https:\/\/gadmuisne.gob.ec\/web\/wp-content\/uploads\/2021\/04\/LITERAL_H.xlsx\" target=\"_blank\" rel=\"noopener noreferrer\">Resultados de las auditor\u00edas internas y gubernamentales al ejercicio presupuestal<\/a><\/li>\n<li><strong>Literal i: <\/strong><a href=\"https:\/\/gadmuisne.gob.ec\/web\/wp-content\/uploads\/2021\/04\/LITERAL_I.xlsx\" target=\"_blank\" rel=\"noopener noreferrer\">Procesos precontractuales, contractuales, de adjudicaci\u00f3n y liquidaci\u00f3n, contrataciones de obras, adquisici\u00f3n de bienes, prestaci\u00f3n de servicios, arrendamientos mercantiles, y otros<\/a><\/li>\n<li><strong>Literal j: <\/strong><a href=\"https:\/\/gadmuisne.gob.ec\/web\/wp-content\/uploads\/2021\/04\/LITERAL_J.xlsx\" target=\"_blank\" rel=\"noopener noreferrer\">Listado de las empresas y personas que han incumplido contratos con dicha instituci\u00f3n<\/a><\/li>\n<li><strong>Literal k: <\/strong><a href=\"https:\/\/gadmuisne.gob.ec\/web\/wp-content\/uploads\/2021\/04\/LITERAL_K.xlsx\" target=\"_blank\" rel=\"noopener noreferrer\">Planes y programas de la instituci\u00f3n en ejecuci\u00f3n<\/a><\/li>\n<li><strong>Literal l: <\/strong><a href=\"https:\/\/gadmuisne.gob.ec\/web\/wp-content\/uploads\/2021\/04\/LITERAL_L.xlsx\" target=\"_blank\" rel=\"noopener noreferrer\">Contratos de cr\u00e9dito externos o internos<\/a><\/li>\n<li><strong>Literal m: <\/strong><a href=\"https:\/\/gadmuisne.gob.ec\/web\/wp-content\/uploads\/2021\/04\/LITERAL_M.xlsx\" target=\"_blank\" rel=\"noopener noreferrer\">Mecanismos de rendici\u00f3n de cuentas a la ciudadan\u00eda<\/a><\/li>\n<li><strong>Literal n: <\/strong><a href=\"https:\/\/gadmuisne.gob.ec\/web\/wp-content\/uploads\/2021\/04\/LITERAL_N.xlsx\" target=\"_blank\" rel=\"noopener noreferrer\">Vi\u00e1ticos, informes de trabajo y justificativos de movilizaci\u00f3n nacional o internacional de las autoridades, dignatarios y funcionarios p\u00fablicos<\/a><\/li>\n<li><strong>Literal o: <\/strong><a href=\"https:\/\/gadmuisne.gob.ec\/web\/wp-content\/uploads\/2021\/04\/LITERAL_O.xlsx\" target=\"_blank\" rel=\"noopener noreferrer\">Nombre, direcci\u00f3n de la oficina, apartado postal y direcci\u00f3n electr\u00f3nica del responsable de atender la informaci\u00f3n p\u00fablica de que trata esta ley<\/a><\/li>\n<li><strong>Literal s: <\/strong><a href=\"https:\/\/gadmuisne.gob.ec\/web\/wp-content\/uploads\/2021\/04\/LITERAL_S.xlsx\" target=\"_blank\" rel=\"noopener noreferrer\">Actas, resoluciones y planes de desarrollo local<\/a><\/li>\n<\/ul>\n<p>[\/vc_column_text][\/vc_column][\/vc_row]<\/p>\n<\/div>","protected":false},"excerpt":{"rendered":"<p>[vc_row text_color=\u00bb__\u00bb heading_color=\u00bb__\u00bb link_color=\u00bb__\u00bb link_hover_color=\u00bb__\u00bb responsive_font_size=\u00bb0&#8243; el_id=\u00bbcontenido\u00bb][vc_column][vc_column_text] Literal a1: Estructura org\u00e1nica funcional Literal a2: Base legal que rige a la instituci\u00f3n Literal a3: Regulaciones y procedimientos internos aplicables a la instituci\u00f3n Literal a4: Metas y objetivos de las unidades administrativas de conformidad con los programas operativos Literal b1: Directorio completo&#8230;<\/p>\n","protected":false},"author":1,"featured_media":0,"parent":0,"menu_order":0,"comment_status":"closed","ping_status":"closed","template":"","meta":{"footnotes":""},"class_list":["post-1389","page","type-page","status-publish","hentry"],"_links":{"self":[{"href":"https:\/\/gadmuisne.gob.ec\/web\/wp-json\/wp\/v2\/pages\/1389","targetHints":{"allow":["GET"]}}],"collection":[{"href":"https:\/\/gadmuisne.gob.ec\/web\/wp-json\/wp\/v2\/pages"}],"about":[{"href":"https:\/\/gadmuisne.gob.ec\/web\/wp-json\/wp\/v2\/types\/page"}],"author":[{"embeddable":true,"href":"https:\/\/gadmuisne.gob.ec\/web\/wp-json\/wp\/v2\/users\/1"}],"replies":[{"embeddable":true,"href":"https:\/\/gadmuisne.gob.ec\/web\/wp-json\/wp\/v2\/comments?post=1389"}],"version-history":[{"count":11,"href":"https:\/\/gadmuisne.gob.ec\/web\/wp-json\/wp\/v2\/pages\/1389\/revisions"}],"predecessor-version":[{"id":3366,"href":"https:\/\/gadmuisne.gob.ec\/web\/wp-json\/wp\/v2\/pages\/1389\/revisions\/3366"}],"wp:attachment":[{"href":"https:\/\/gadmuisne.gob.ec\/web\/wp-json\/wp\/v2\/media?parent=1389"}],"curies":[{"name":"wp","href":"https:\/\/api.w.org\/{rel}","templated":true}]}}