{"id":1414,"date":"2019-07-29T16:25:45","date_gmt":"2019-07-29T14:25:45","guid":{"rendered":"http:\/\/gadmuisne.gob.ec\/web\/?page_id=1414"},"modified":"2019-07-29T16:25:45","modified_gmt":"2019-07-29T14:25:45","slug":"lotaip-2018","status":"publish","type":"page","link":"https:\/\/gadmuisne.gob.ec\/web\/lotaip-2018\/","title":{"rendered":"LOTAIP 2018"},"content":{"rendered":"<div class=\"wpb-content-wrapper\"><p>[vc_row text_color=\u00bb__\u00bb heading_color=\u00bb__\u00bb link_color=\u00bb__\u00bb link_hover_color=\u00bb__\u00bb responsive_font_size=\u00bb0&#8243;][vc_column][vc_tta_tabs active_section=\u00bb1&#8243;][vc_tta_section title=\u00bbEnero\u00bb tab_id=\u00bb1564408816846-5febf320-2e5e\u00bb][vc_column_text el_id=\u00bbcontenido\u00bb el_class=\u00bb.con\u00bb]<\/p>\n<ul>\n<li><strong>(a2)<\/strong>\u00a0<a href=\"https:\/\/gadmuisne.gob.ec\/555\/frontend\/web\/lotaip\/uploads\/A2022019.pdf\" target=\"_blank\" rel=\"noopener noreferrer\">Base legal que rige a la instituci\u00f3n<\/a><\/li>\n<li><strong>(b1)<\/strong>\u00a0<a href=\"https:\/\/gadmuisne.gob.ec\/555\/frontend\/web\/lotaip\/uploads\/B1022019.pdf\" target=\"_blank\" rel=\"noopener noreferrer\">Directorio completo de la instituci\u00f3n<\/a><\/li>\n<li><strong>(e)<\/strong>\u00a0<a href=\"https:\/\/gadmuisne.gob.ec\/555\/frontend\/web\/lotaip\/uploads\/E022019.pdf\" target=\"_blank\" rel=\"noopener noreferrer\">Texto \u00edntegro de todos los contratos colectivos vigentes en la instituci\u00f3n, as\u00ed como sus anexos y reformas<\/a><\/li>\n<li><strong>(i)<\/strong>\u00a0<a href=\"https:\/\/gadmuisne.gob.ec\/555\/frontend\/web\/lotaip\/uploads\/I022019.pdf\" target=\"_blank\" rel=\"noopener noreferrer\">Procesos precontractuales, contractuales, de adjudicaci\u00f3n y liquidaci\u00f3n, contrataciones de obras, adquisici\u00f3n de bienes, prestaci\u00f3n de servicios, arrendamientos mercantiles, y otros<\/a><\/li>\n<li><strong>(j)<\/strong>\u00a0<a href=\"https:\/\/gadmuisne.gob.ec\/555\/frontend\/web\/lotaip\/uploads\/J022019.pdf\" target=\"_blank\" rel=\"noopener noreferrer\">Listado de las empresas y personas que han incumplido contratos con dicha instituci\u00f3n<\/a><\/li>\n<li><strong>(k)<\/strong>\u00a0<a href=\"https:\/\/gadmuisne.gob.ec\/555\/frontend\/web\/lotaip\/uploads\/K022019.pdf\" target=\"_blank\" rel=\"noopener noreferrer\">Planes y programas de la instituci\u00f3n en ejecuci\u00f3n<\/a><\/li>\n<li><strong>(o)<\/strong>\u00a0<a href=\"https:\/\/gadmuisne.gob.ec\/555\/frontend\/web\/lotaip\/uploads\/O022019.pdf\" target=\"_blank\" rel=\"noopener noreferrer\">Nombre, direcci\u00f3n de la oficina, apartado postal y direcci\u00f3n electr\u00f3nica del responsable de atender la informaci\u00f3n p\u00fablica de que trata esta Ley<\/a><\/li>\n<\/ul>\n<p>[\/vc_column_text][\/vc_tta_section][vc_tta_section title=\u00bbFebrero\u00bb tab_id=\u00bb1564408816866-a1d59bb2-f6a3&#8243;][vc_column_text el_id=\u00bbcontenido\u00bb]<\/p>\n<ul>\n<li><strong>(a2)<\/strong>\u00a0<a href=\"https:\/\/gadmuisne.gob.ec\/555\/frontend\/web\/lotaip\/uploads\/A2012019.pdf\" target=\"_blank\" rel=\"noopener noreferrer\">Base legal que rige a la instituci\u00f3n<\/a><\/li>\n<li><strong>(b1)<\/strong>\u00a0<a href=\"https:\/\/gadmuisne.gob.ec\/555\/frontend\/web\/lotaip\/uploads\/B1012019.pdf\" target=\"_blank\" rel=\"noopener noreferrer\">Directorio completo de la instituci\u00f3n<\/a><\/li>\n<li><strong>(e)<\/strong>\u00a0<a href=\"https:\/\/gadmuisne.gob.ec\/555\/frontend\/web\/lotaip\/uploads\/E012019.pdf\" target=\"_blank\" rel=\"noopener noreferrer\">Texto \u00edntegro de todos los contratos colectivos vigentes en la instituci\u00f3n, as\u00ed como sus anexos y reformas<\/a><\/li>\n<li><strong>(i)<\/strong>\u00a0<a href=\"https:\/\/gadmuisne.gob.ec\/555\/frontend\/web\/lotaip\/uploads\/I012019.pdf\" target=\"_blank\" rel=\"noopener noreferrer\">Procesos precontractuales, contractuales, de adjudicaci\u00f3n y liquidaci\u00f3n, contrataciones de obras, adquisici\u00f3n de bienes, prestaci\u00f3n de servicios, arrendamientos mercantiles, y otros<\/a><\/li>\n<li><strong>(j)<\/strong>\u00a0<a href=\"https:\/\/gadmuisne.gob.ec\/555\/frontend\/web\/lotaip\/uploads\/J012019.pdf\" target=\"_blank\" rel=\"noopener noreferrer\">Listado de las empresas y personas que han incumplido contratos con dicha instituci\u00f3n<\/a><\/li>\n<li><strong>(k)<\/strong>\u00a0<a href=\"https:\/\/gadmuisne.gob.ec\/555\/frontend\/web\/lotaip\/uploads\/K012019.pdf\" target=\"_blank\" rel=\"noopener noreferrer\">Planes y programas de la instituci\u00f3n en ejecuci\u00f3n<\/a><\/li>\n<li><strong>(o)<\/strong>\u00a0<a href=\"https:\/\/gadmuisne.gob.ec\/555\/frontend\/web\/lotaip\/uploads\/O012019.pdf\" target=\"_blank\" rel=\"noopener noreferrer\">Nombre, direcci\u00f3n de la oficina, apartado postal y direcci\u00f3n electr\u00f3nica del responsable de atender la informaci\u00f3n p\u00fablica de que trata esta Ley<\/a><\/li>\n<\/ul>\n<p>[\/vc_column_text][\/vc_tta_section][vc_tta_section title=\u00bbMarzo\u00bb tab_id=\u00bb1564409240027-a1ac444f-daa6&#8243;][vc_column_text el_id=\u00bbcontenido\u00bb]<\/p>\n<ul>\n<li><strong>(i)<\/strong>\u00a0<a href=\"https:\/\/gadmuisne.gob.ec\/555\/frontend\/web\/lotaip\/uploads\/I032019.pdf\" target=\"_blank\" rel=\"noopener noreferrer\">Procesos precontractuales, contractuales, de adjudicaci\u00f3n y liquidaci\u00f3n, contrataciones de obras, adquisici\u00f3n de bienes, prestaci\u00f3n de servicios, arrendamientos mercantiles, y otros<\/a><\/li>\n<li><strong>(k)<\/strong>\u00a0<a href=\"https:\/\/gadmuisne.gob.ec\/555\/frontend\/web\/lotaip\/uploads\/K032019.pdf\" target=\"_blank\" rel=\"noopener noreferrer\">Planes y programas de la instituci\u00f3n en ejecuci\u00f3n<\/a><\/li>\n<\/ul>\n<p>[\/vc_column_text][\/vc_tta_section][\/vc_tta_tabs][\/vc_column][\/vc_row]<\/p>\n<\/div>","protected":false},"excerpt":{"rendered":"<p>[vc_row text_color=\u00bb__\u00bb heading_color=\u00bb__\u00bb link_color=\u00bb__\u00bb link_hover_color=\u00bb__\u00bb responsive_font_size=\u00bb0&#8243;][vc_column][vc_tta_tabs active_section=\u00bb1&#8243;][vc_tta_section title=\u00bbEnero\u00bb tab_id=\u00bb1564408816846-5febf320-2e5e\u00bb][vc_column_text el_id=\u00bbcontenido\u00bb el_class=\u00bb.con\u00bb] (a2)\u00a0Base legal que rige a la instituci\u00f3n (b1)\u00a0Directorio completo de la instituci\u00f3n (e)\u00a0Texto \u00edntegro de todos los contratos colectivos vigentes en la instituci\u00f3n, as\u00ed como sus anexos y reformas (i)\u00a0Procesos precontractuales, contractuales, de adjudicaci\u00f3n y liquidaci\u00f3n, contrataciones de obras,&#8230;<\/p>\n","protected":false},"author":1,"featured_media":0,"parent":0,"menu_order":0,"comment_status":"closed","ping_status":"closed","template":"","meta":{"footnotes":""},"class_list":["post-1414","page","type-page","status-publish","hentry"],"_links":{"self":[{"href":"https:\/\/gadmuisne.gob.ec\/web\/wp-json\/wp\/v2\/pages\/1414","targetHints":{"allow":["GET"]}}],"collection":[{"href":"https:\/\/gadmuisne.gob.ec\/web\/wp-json\/wp\/v2\/pages"}],"about":[{"href":"https:\/\/gadmuisne.gob.ec\/web\/wp-json\/wp\/v2\/types\/page"}],"author":[{"embeddable":true,"href":"https:\/\/gadmuisne.gob.ec\/web\/wp-json\/wp\/v2\/users\/1"}],"replies":[{"embeddable":true,"href":"https:\/\/gadmuisne.gob.ec\/web\/wp-json\/wp\/v2\/comments?post=1414"}],"version-history":[{"count":2,"href":"https:\/\/gadmuisne.gob.ec\/web\/wp-json\/wp\/v2\/pages\/1414\/revisions"}],"predecessor-version":[{"id":4187,"href":"https:\/\/gadmuisne.gob.ec\/web\/wp-json\/wp\/v2\/pages\/1414\/revisions\/4187"}],"wp:attachment":[{"href":"https:\/\/gadmuisne.gob.ec\/web\/wp-json\/wp\/v2\/media?parent=1414"}],"curies":[{"name":"wp","href":"https:\/\/api.w.org\/{rel}","templated":true}]}}