{"id":1417,"date":"2019-07-29T17:30:32","date_gmt":"2019-07-29T15:30:32","guid":{"rendered":"http:\/\/gadmuisne.gob.ec\/web\/?page_id=1417"},"modified":"2022-05-30T23:56:21","modified_gmt":"2022-05-30T21:56:21","slug":"rendicion-de-cuentas","status":"publish","type":"page","link":"https:\/\/gadmuisne.gob.ec\/web\/rendicion-de-cuentas\/","title":{"rendered":"Rendici\u00f3n de cuentas"},"content":{"rendered":"<div class=\"wpb-content-wrapper\"><p>[vc_row][vc_column][vc_tta_tabs][vc_tta_section title=\u00bbRendici\u00f3n de cuentas 2017&#8243; tab_id=\u00bb1564414067472-4a135c4b-5df9&#8243;][vc_column_text]<\/p>\n<div class=\"preview-header-left\">\n<div class=\"menu-wrapper preview-header-menu-wrapper preview-responsive-menu-wrapper\">\n<div><a href=\"http:\/\/gadmuisne.gob.ec\/web\/wp-content\/uploads\/2019\/07\/Rendici\u00f3n-de-cuentas-2017-Informe.pdf\" target=\"_blank\" rel=\"noopener noreferrer\"><span class=\"item-name\">Rendici\u00f3n de cuentas 2017 &#8211; Informe.pdf<\/span><\/a><\/div>\n<\/div>\n<div>\n<div class=\"preview-header-left\">\n<div class=\"menu-wrapper preview-header-menu-wrapper preview-responsive-menu-wrapper\">\n<div><a href=\"http:\/\/gadmuisne.gob.ec\/web\/wp-content\/uploads\/2019\/07\/Rendicion-de-cuentas-2017-Presentacion.pptx\" target=\"_blank\" rel=\"noopener noreferrer\"><span class=\"item-name\">Rendici\u00f3n de cuentas 2017 &#8211; Presentaci\u00f3n.pptx<\/span><\/a><\/div>\n<\/div>\n<\/div>\n<\/div>\n<\/div>\n<p>[\/vc_column_text][\/vc_tta_section][vc_tta_section title=\u00bbRENDICI\u00d3N DE CUENTAS 2019&#8243; tab_id=\u00bb1604165639854-5d7e99d1-2e84&#8243;][vc_column_text]<\/p>\n<p style=\"text-align: left;\"><a href=\"https:\/\/gadmuisne.gob.ec\/web\/wp-content\/uploads\/2020\/10\/PRESUPUESTO-2019.pdf\">PRESUPUESTO-2019<\/a><\/p>\n<p><a href=\"https:\/\/gadmuisne.gob.ec\/web\/wp-content\/uploads\/2020\/10\/Formulario.xlsx\">FORMULARIO\u00a0<\/a><\/p>\n<p><a href=\"https:\/\/gadmuisne.gob.ec\/web\/wp-content\/uploads\/2020\/10\/RESULTADO-PROGRAMA-Y-PROYECTOS.pdf\">RESULTADO PROGRAMA Y PROYECTOS<\/a><\/p>\n<p><a href=\"https:\/\/gadmuisne.gob.ec\/web\/wp-content\/uploads\/2020\/10\/ACTA-DE-REUNION-PARTIC.-CIUDADANA-Y-DIRECCIONES-3.pdf\">ACTA-DE-REUNION-PARTIC.-CIUDADANA-Y-DIRECCIONES<\/a><\/p>\n<p><a href=\"https:\/\/gadmuisne.gob.ec\/web\/wp-content\/uploads\/2020\/10\/AACTA-DE-REUNION-PARTIC.-CIUDADANA-DIREC.-Y-ASAMBLEA-CIUDADANA-1.pdf\">ACTA DE REUNI\u00d3N PARTIC. CIUDADANA, DIREC. Y ASAMBLEA CIUDADANA #1<\/a><\/p>\n<p><a href=\"https:\/\/gadmuisne.gob.ec\/web\/wp-content\/uploads\/2020\/10\/ACTA-DE-REUNION-CONFORMACION-DE-SUB-COMOSIONES-2.pdf\">ACTA DE REUNI\u00d3N CONFORMACI\u00d3N DE SUB COMOSIONES # 2<\/a><\/p>\n<p><a href=\"https:\/\/gadmuisne.gob.ec\/web\/wp-content\/uploads\/2020\/10\/ACTA-DE-REUNION-PARTIC.-CIUDADANA-Y-DIRECCIONES-3.pdf\">ACTA DE REUNI\u00d3N PARTIC. CIUDADANA Y DIRECCIONES # 3<\/a><\/p>\n<p><a href=\"https:\/\/gadmuisne.gob.ec\/web\/wp-content\/uploads\/2020\/10\/REQUERIMIENTO-POR-LA-ASAMBLEA-CIUDADANA-Y-CRUPOS-PRIORITARIOS-4.pdf\">REQUERIMIENTO POR LA ASAMBLEA CIUDADANA Y CRUPOS PRIORITARIOS #4<\/a><\/p>\n<p><a href=\"https:\/\/gadmuisne.gob.ec\/web\/wp-content\/uploads\/2020\/10\/AUTORIZACION-INFORME-FINALES-DE-RENDICION-DE-CUENTAS-5.pdf\">AUTORIZACI\u00d3N INFORME FINALES DE RENDICI\u00d3N DE CUENTAS #5<\/a><\/p>\n<p><a href=\"https:\/\/gadmuisne.gob.ec\/web\/wp-content\/uploads\/2020\/10\/INFORME-INSTITUCINAL-SOBRE-RENDICION-DE-CUENTAS-6.pdf\">INFORME INSTITUCINAL SOBRE RENDICI\u00d3N DE CUENTAS #6<\/a><\/p>\n<p><a href=\"https:\/\/gadmuisne.gob.ec\/web\/wp-content\/uploads\/2020\/10\/INFORME-NARRATIVO-DE-RENDICION-DE-CUENTA-7.pdf\">INFORME NARRATIVO DE RENDICI\u00d3N DE CUENTA #7<\/a><\/p>\n<p><a href=\"https:\/\/gadmuisne.gob.ec\/web\/wp-content\/uploads\/2020\/10\/AGENDA-SOBRE-RENDICION-DE-CUENTAS-8.pdf\">AGENDA SOBRE RENDICI\u00d3N DE CUENTAS # 8<\/a><\/p>\n<p><a href=\"https:\/\/gadmuisne.gob.ec\/web\/wp-content\/uploads\/2020\/10\/SISTEMATIZACION-PREGUNTAS-Y-RESPUESTAS-9.pdf\">SISTEMATIZACI\u00d3N (PREGUNTAS Y RESPUESTAS) # 9<\/a><\/p>\n<p><a href=\"https:\/\/gadmuisne.gob.ec\/web\/wp-content\/uploads\/2020\/10\/ACTA-DE-REUNION-PARTICIPACION-CIUDADANA-10.pdf\">ACTA DE REUNI\u00d3N PARTICIPACI\u00d3N CIUDADANA # 10<\/a><\/p>\n<p><a href=\"https:\/\/gadmuisne.gob.ec\/web\/wp-content\/uploads\/2020\/11\/Rpt_GADS.pdf\">Matriz Final<\/a><\/p>\n<p><a href=\"https:\/\/www.facebook.com\/alcaldiademuisne\/videos\/1455608524638384\/\">Rendici\u00f3n de Cuentas 2019<\/a>[\/vc_column_text][\/vc_tta_section][vc_tta_section title=\u00bbRENDICI\u00d3N DE CUENTAS 2020&#8243; tab_id=\u00bb1627684627578-e47ca079-87bf\u00bb][vc_column_text]<a href=\"https:\/\/gadmuisne.gob.ec\/web\/wp-content\/uploads\/2021\/07\/1-CONFORMACION-DE-COMISION-SOLICITUD-N\u00b0-1.pdf\">1 CONFORMACI\u00d3N DE COMISI\u00d3N, SOLICITUD N\u00b0 1<\/a><\/p>\n<p><a href=\"https:\/\/gadmuisne.gob.ec\/web\/wp-content\/uploads\/2021\/07\/2-DELEGACION-PARA-PROCESO-DE-R.C-N\u00b0-2.pdf\">2 DELEGACI\u00d3N PARA PROCESO DE R.C N\u00b0 2<\/a><\/p>\n<p><a href=\"https:\/\/gadmuisne.gob.ec\/web\/wp-content\/uploads\/2021\/07\/3-ACTA-TRABAJO-DELEGADOS-GADMCM-COMISION-N\u00b03.pdf\">3 ACTA TRABAJO (DELEGADOS) GADMCM COMISI\u00d3N N\u00b03<\/a><\/p>\n<p><a href=\"https:\/\/gadmuisne.gob.ec\/web\/wp-content\/uploads\/2021\/07\/4-ENTREGA-DE-DOCUMENTO-ASAMBLEA-CIUDADANA-N\u00b0-4.pdf\">4 ENTREGA DE DOCUMENTO ASAMBLEA CIUDADANA N\u00b0 4<\/a><\/p>\n<p><a href=\"https:\/\/gadmuisne.gob.ec\/web\/wp-content\/uploads\/2021\/07\/5-PREGUNTAS-DE-LA-CIUDADANIA-N\u00b0-5.pdf\">5 PREGUNTAS DE LA CIUDADANIA N\u00b0 5<\/a><\/p>\n<p><a href=\"https:\/\/gadmuisne.gob.ec\/web\/wp-content\/uploads\/2021\/07\/6-INFORME-PREIMINAR-RENDICION-DE-CUENTA-N\u00b0-6.pdf\">6 INFORME PREIMINAR RENDICI\u00d3N DE CUENTA N\u00b0 6<\/a><\/p>\n<p><a href=\"https:\/\/gadmuisne.gob.ec\/web\/wp-content\/uploads\/2021\/07\/7-ACTA-DE-TRABAJO-COMISION-MIXTA-GADMCM-Y-ASAMBLEA-CIUDADANA-N\u00b0-7.pdf\">7 ACTA DE TRABAJO, COMISI\u00d3N MIXTA-GADMCM Y ASAMBLEA CIUDADANA N\u00b0 7<\/a><\/p>\n<p><a href=\"https:\/\/gadmuisne.gob.ec\/web\/wp-content\/uploads\/2021\/07\/8-APROBACION-INFORME-PRELIMINAR-DE-R.C-N\u00b0-8.pdf\">8 APROBACI\u00d3N INFORME PRELIMINAR DE R.C N\u00b0 8<\/a><\/p>\n<p><a href=\"https:\/\/gadmuisne.gob.ec\/web\/wp-content\/uploads\/2021\/07\/9-ASISTENCIA-A-DELIBERACION-PUBLICA-SOBRE-R.C.2020-N\u00b0-2020.pdf\">9 ASISTENCIA A DELIBERACI\u00d3N P\u00daBLICA SOBRE R.C.2020 N\u00b0 2020<\/a><\/p>\n<p><a href=\"https:\/\/gadmuisne.gob.ec\/web\/wp-content\/uploads\/2021\/07\/RENDICION-CUENTA-MATRIS-MUISNE-2020-1.xlsx\">10 MATRIZ FINAL\u00a0<\/a><\/p>\n<p>11<a href=\"https:\/\/www.facebook.com\/alcaldiademuisne\/videos\/164687085642059\"> Informe de gesti\u00f3n institucional 2020<\/a>[\/vc_column_text][\/vc_tta_section][vc_tta_section title=\u00bbRENDICI\u00d3N DE CUENTAS 2021&#8243; tab_id=\u00bb1653925656867-cee06d8a-ed0b\u00bb][vc_column_text]<a href=\"https:\/\/gadmuisne.gob.ec\/web\/wp-content\/uploads\/2022\/05\/CONFORMACIO-DE-COMISION-PROCESO-R.C-1_105815.pdf\">1 CONFORMACI\u00d3 DE COMISI\u00d3N PROCESO R.C # 1<\/a><\/p>\n<p><a href=\"https:\/\/gadmuisne.gob.ec\/web\/wp-content\/uploads\/2022\/05\/DELEGACIO\u0301N-PROCESO-R.C-2.pdf\">2 DELEGACIO\u0301N PROCESO R.C # 2<\/a><\/p>\n<p><a href=\"https:\/\/gadmuisne.gob.ec\/web\/wp-content\/uploads\/2022\/05\/ACTA-DE-TRABAJO-COMISION-TECNICA-DEL-GADMCM-3_105748.pdf\">3 ACTA DE TRABAJO COMISI\u00d3N T\u00c9CNICA DEL GADMCM # 3<\/a><\/p>\n<p><a href=\"https:\/\/gadmuisne.gob.ec\/web\/wp-content\/uploads\/2022\/05\/ENTREGA-DOCUMENTOS-PARA-ASAMBLEA-CIUDADANA-4.pdf\">4 ENTREGA DOCUMENTOS PARA ASAMBLEA CIUDADANA #4<\/a><\/p>\n<p><a href=\"https:\/\/gadmuisne.gob.ec\/web\/wp-content\/uploads\/2022\/05\/PREGUNTAS-DE-LA-CIUDADANIA-5_105825.pdf\">5 PREGUNTAS DE LA CIUDADANIA # 5<\/a><\/p>\n<p style=\"text-align: justify;\"><a href=\"https:\/\/gadmuisne.gob.ec\/web\/wp-content\/uploads\/2022\/05\/INFORME-PRELIMINAR-RENDICIO\u0301N-DE-CUENTAS-2021-6.pdf\">6 INFORME PRELIMINAR RENDICIO\u0301N DE CUENTAS 2021 # 6<\/a><\/p>\n<p><a href=\"https:\/\/gadmuisne.gob.ec\/web\/wp-content\/uploads\/2022\/05\/ACTA-DE-TRABAJO-MIXTA-GADMCM-ASAMBLEA-CIUDADANA-7.pdf\">7 ACTA DE TRABAJO MIXTA GADMCM ASAMBLEA CIUDADANA # 7<\/a><\/p>\n<p><a href=\"https:\/\/gadmuisne.gob.ec\/web\/wp-content\/uploads\/2022\/05\/RECIBIDO-DE-INVITACION-DELIBERACION-PUBLICA-8_105848.pdf\">8 RECIBIDO DE INVITACI\u00d3N DELIBERACI\u00d3N PUBLICA # 8<\/a><\/p>\n<p><a href=\"https:\/\/gadmuisne.gob.ec\/web\/wp-content\/uploads\/2022\/05\/ASISTENCIA-DELIBERACIO\u0301N-PUBLICA-RENDICIO\u0301N-DE-CUENTA-2021-9.pdf\">9 ASISTENCIA DE LIBERACIO\u0301N PUBLICA RENDICIO\u0301N DE CUENTA 2021 #9<\/a><\/p>\n<p><a href=\"https:\/\/gadmuisne.gob.ec\/web\/wp-content\/uploads\/2022\/05\/Autoridades_Informe_Tairon_Quintero.pdf\">10 INFORME RENDICI\u00d3N DE CUENTA DE LA AUTORIDAD\u00a0<\/a><\/p>\n<p><a href=\"https:\/\/gadmuisne.gob.ec\/web\/wp-content\/uploads\/2022\/05\/Certificado_Cumplimiento_Tributario.pdf\">11 CERTIFICADO DE CUMPLIMIENTO TRIBUTARIO DE LA AUTORIDAD\u00a0<\/a><\/p>\n<p><a href=\"https:\/\/gadmuisne.gob.ec\/web\/wp-content\/uploads\/2022\/05\/SRI-en-Linea-Consulta-de-Impuesto-a-la-Renta-y-Salida-de-Divisas.pdf\">12 CONSULTA DE IMPUESTO A LA RENTA Y SALIDA DE DIVISAS<\/a><\/p>\n<p><a href=\"https:\/\/gadmuisne.gob.ec\/web\/wp-content\/uploads\/2022\/05\/RENDICION-CUENTA-MATRIX-MUISNE-2021_105617.xlsx\">13 RENDICION CUENTA MATRIX MUISNE 2021<\/a>[\/vc_column_text][\/vc_tta_section][\/vc_tta_tabs][\/vc_column][\/vc_row]<\/p>\n<\/div>","protected":false},"excerpt":{"rendered":"<p>[vc_row][vc_column][vc_tta_tabs][vc_tta_section title=\u00bbRendici\u00f3n de cuentas 2017&#8243; tab_id=\u00bb1564414067472-4a135c4b-5df9&#8243;][vc_column_text] Rendici\u00f3n de cuentas 2017 &#8211; Informe.pdf Rendici\u00f3n de cuentas 2017 &#8211; Presentaci\u00f3n.pptx [\/vc_column_text][\/vc_tta_section][vc_tta_section title=\u00bbRENDICI\u00d3N DE CUENTAS 2019&#8243; tab_id=\u00bb1604165639854-5d7e99d1-2e84&#8243;][vc_column_text] PRESUPUESTO-2019 FORMULARIO\u00a0 RESULTADO PROGRAMA Y PROYECTOS ACTA-DE-REUNION-PARTIC.-CIUDADANA-Y-DIRECCIONES ACTA DE REUNI\u00d3N PARTIC. CIUDADANA, DIREC. Y ASAMBLEA CIUDADANA #1 ACTA DE REUNI\u00d3N CONFORMACI\u00d3N DE SUB COMOSIONES # 2&#8230;<\/p>\n","protected":false},"author":1,"featured_media":0,"parent":0,"menu_order":0,"comment_status":"closed","ping_status":"closed","template":"","meta":{"footnotes":""},"class_list":["post-1417","page","type-page","status-publish","hentry"],"_links":{"self":[{"href":"https:\/\/gadmuisne.gob.ec\/web\/wp-json\/wp\/v2\/pages\/1417","targetHints":{"allow":["GET"]}}],"collection":[{"href":"https:\/\/gadmuisne.gob.ec\/web\/wp-json\/wp\/v2\/pages"}],"about":[{"href":"https:\/\/gadmuisne.gob.ec\/web\/wp-json\/wp\/v2\/types\/page"}],"author":[{"embeddable":true,"href":"https:\/\/gadmuisne.gob.ec\/web\/wp-json\/wp\/v2\/users\/1"}],"replies":[{"embeddable":true,"href":"https:\/\/gadmuisne.gob.ec\/web\/wp-json\/wp\/v2\/comments?post=1417"}],"version-history":[{"count":16,"href":"https:\/\/gadmuisne.gob.ec\/web\/wp-json\/wp\/v2\/pages\/1417\/revisions"}],"predecessor-version":[{"id":3784,"href":"https:\/\/gadmuisne.gob.ec\/web\/wp-json\/wp\/v2\/pages\/1417\/revisions\/3784"}],"wp:attachment":[{"href":"https:\/\/gadmuisne.gob.ec\/web\/wp-json\/wp\/v2\/media?parent=1417"}],"curies":[{"name":"wp","href":"https:\/\/api.w.org\/{rel}","templated":true}]}}