{"id":18826,"date":"2026-01-08T09:29:45","date_gmt":"2026-01-08T14:29:45","guid":{"rendered":"https:\/\/gadmuisne.gob.ec\/web\/?page_id=18826"},"modified":"2026-01-13T15:13:41","modified_gmt":"2026-01-13T20:13:41","slug":"ordenanzas-5","status":"publish","type":"page","link":"https:\/\/gadmuisne.gob.ec\/web\/ordenanzas-5\/","title":{"rendered":"ORDENANZAS"},"content":{"rendered":"<p>ORDENANZA QUE REGULA LA FORMACI\u00d3N DE LOS CATASTROS PREDIALES URBANOS Y RURALES, LA DETERMINACI\u00d3N, ADMINISTRACI\u00d3N Y RECAUDACI\u00d3N DEL IMPUESTO A LOS PREDIOS URBANOS Y RURALES PARA EL BIENIO 2026 \u2013 2027 DEL GAD<\/p>\n<p><a href=\"https:\/\/gadmuisne.gob.ec\/web\/wp-content\/uploads\/2026\/01\/ORDENANZA-QUE-REGULA-LA-FORMACION-DE-LOS-CATASTROS-PREDIALES-URBANOS-Y-RURALES-BIENIO-2026-\u2013-2027.pdf\">ORDENANZA QUE REGULA LA FORMACION DE LOS CATASTROS PREDIALES URBANOS Y RURALES BIENIO 2026 \u2013 2027<\/a><\/p>\n<p>&nbsp;<\/p>\n<p>ORDENANZA QUE REGULA LA FORMACION DE LOS CATASTROS PREDIALES URBANOS Y RURALES LA DETERMINACION ADMINISTRACION RECAUDACION DEL IMPUESTO PREDIAL URBANO Y RURALES BIENIO 2026-2027<\/p>\n<p><a href=\"https:\/\/gadmuisne.gob.ec\/web\/wp-content\/uploads\/2026\/01\/ORDENANZA-QUE-REGULA-LA-FORMACION-DE-LOS-CATASTROS-PREDIALES-URBANOS-BIENIO-2026-2027.pdf\">ORDENANZA QUE REGULA LA FORMACION DE LOS CATASTROS PREDIALES URBANOS BIENIO 2026-2027.<\/a><\/p>\n","protected":false},"excerpt":{"rendered":"<p>ORDENANZA QUE REGULA LA FORMACI\u00d3N DE LOS CATASTROS PREDIALES URBANOS Y RURALES, LA DETERMINACI\u00d3N, ADMINISTRACI\u00d3N Y RECAUDACI\u00d3N DEL IMPUESTO A LOS PREDIOS URBANOS Y RURALES PARA EL BIENIO 2026 \u2013 2027 DEL GAD ORDENANZA QUE REGULA LA FORMACION DE LOS CATASTROS PREDIALES URBANOS Y RURALES BIENIO 2026 \u2013 2027 &nbsp;&#8230;<\/p>\n","protected":false},"author":5,"featured_media":0,"parent":0,"menu_order":0,"comment_status":"closed","ping_status":"closed","template":"","meta":{"footnotes":""},"class_list":["post-18826","page","type-page","status-publish","hentry"],"_links":{"self":[{"href":"https:\/\/gadmuisne.gob.ec\/web\/wp-json\/wp\/v2\/pages\/18826","targetHints":{"allow":["GET"]}}],"collection":[{"href":"https:\/\/gadmuisne.gob.ec\/web\/wp-json\/wp\/v2\/pages"}],"about":[{"href":"https:\/\/gadmuisne.gob.ec\/web\/wp-json\/wp\/v2\/types\/page"}],"author":[{"embeddable":true,"href":"https:\/\/gadmuisne.gob.ec\/web\/wp-json\/wp\/v2\/users\/5"}],"replies":[{"embeddable":true,"href":"https:\/\/gadmuisne.gob.ec\/web\/wp-json\/wp\/v2\/comments?post=18826"}],"version-history":[{"count":4,"href":"https:\/\/gadmuisne.gob.ec\/web\/wp-json\/wp\/v2\/pages\/18826\/revisions"}],"predecessor-version":[{"id":18898,"href":"https:\/\/gadmuisne.gob.ec\/web\/wp-json\/wp\/v2\/pages\/18826\/revisions\/18898"}],"wp:attachment":[{"href":"https:\/\/gadmuisne.gob.ec\/web\/wp-json\/wp\/v2\/media?parent=18826"}],"curies":[{"name":"wp","href":"https:\/\/api.w.org\/{rel}","templated":true}]}}